{"id":618,"date":"2022-12-16T15:39:00","date_gmt":"2022-12-16T14:39:00","guid":{"rendered":"https:\/\/kvconsulting.ch\/?page_id=618"},"modified":"2025-04-30T20:30:03","modified_gmt":"2025-04-30T18:30:03","slug":"immobilier","status":"publish","type":"page","link":"https:\/\/kvconsulting.ch\/fr\/immobilier\/","title":{"rendered":"Immobilier"},"content":{"rendered":"\t\t<div data-elementor-type=\"wp-page\" data-elementor-id=\"618\" class=\"elementor elementor-618\">\n\t\t\t\t\t\t<section class=\"elementor-section elementor-top-section elementor-element elementor-element-e6790c4 elementor-section-boxed elementor-section-height-default elementor-section-height-default\" data-id=\"e6790c4\" data-element_type=\"section\" data-e-type=\"section\">\n\t\t\t\t\t\t<div class=\"elementor-container elementor-column-gap-default\">\n\t\t\t\t\t<div class=\"elementor-column elementor-col-100 elementor-top-column elementor-element elementor-element-9c101dc\" data-id=\"9c101dc\" data-element_type=\"column\" data-e-type=\"column\">\n\t\t\t<div class=\"elementor-widget-wrap elementor-element-populated\">\n\t\t\t\t\t\t<section class=\"elementor-section elementor-inner-section elementor-element elementor-element-4e0b093 elementor-section-boxed elementor-section-height-default elementor-section-height-default\" data-id=\"4e0b093\" data-element_type=\"section\" data-e-type=\"section\">\n\t\t\t\t\t\t<div class=\"elementor-container elementor-column-gap-default\">\n\t\t\t\t\t<div class=\"elementor-column elementor-col-50 elementor-inner-column elementor-element elementor-element-c46a0f9\" data-id=\"c46a0f9\" data-element_type=\"column\" data-e-type=\"column\">\n\t\t\t<div class=\"elementor-widget-wrap elementor-element-populated\">\n\t\t\t\t\t\t<div class=\"elementor-element elementor-element-595f5c0 elementor-widget elementor-widget-image\" data-id=\"595f5c0\" data-element_type=\"widget\" data-e-type=\"widget\" data-widget_type=\"image.default\">\n\t\t\t\t<div class=\"elementor-widget-container\">\n\t\t\t\t\t\t\t\t\t\t\t\t\t\t\t<img fetchpriority=\"high\" decoding=\"async\" width=\"427\" height=\"427\" src=\"https:\/\/kvconsulting.ch\/wp-content\/uploads\/2020\/01\/kvconsulting-logo.png\" class=\"attachment-large size-large wp-image-446\" alt=\"Logo de KV Consulting S\u00e0rl\" srcset=\"https:\/\/kvconsulting.ch\/wp-content\/uploads\/2020\/01\/kvconsulting-logo.png 427w, https:\/\/kvconsulting.ch\/wp-content\/uploads\/2020\/01\/kvconsulting-logo-300x300.png 300w, https:\/\/kvconsulting.ch\/wp-content\/uploads\/2020\/01\/kvconsulting-logo-150x150.png 150w\" sizes=\"(max-width: 427px) 100vw, 427px\" \/>\t\t\t\t\t\t\t\t\t\t\t\t\t\t\t<\/div>\n\t\t\t\t<\/div>\n\t\t\t\t\t<\/div>\n\t\t<\/div>\n\t\t\t\t<div class=\"elementor-column elementor-col-50 elementor-inner-column elementor-element elementor-element-7ae5199\" data-id=\"7ae5199\" data-element_type=\"column\" data-e-type=\"column\">\n\t\t\t<div class=\"elementor-widget-wrap elementor-element-populated\">\n\t\t\t\t\t\t<div class=\"elementor-element elementor-element-1cee6e8 elementor-widget elementor-widget-heading\" data-id=\"1cee6e8\" data-element_type=\"widget\" data-e-type=\"widget\" data-widget_type=\"heading.default\">\n\t\t\t\t<div class=\"elementor-widget-container\">\n\t\t\t\t\t<h2 class=\"elementor-heading-title elementor-size-default\">Immobilier<\/h2>\t\t\t\t<\/div>\n\t\t\t\t<\/div>\n\t\t\t\t<div class=\"elementor-element elementor-element-5d178b2 elementor-widget elementor-widget-heading\" data-id=\"5d178b2\" data-element_type=\"widget\" data-e-type=\"widget\" data-widget_type=\"heading.default\">\n\t\t\t\t<div class=\"elementor-widget-container\">\n\t\t\t\t\t<h4 class=\"elementor-heading-title elementor-size-default\">KV Consulting se lance dans l'immobilier !<\/h4>\t\t\t\t<\/div>\n\t\t\t\t<\/div>\n\t\t\t\t<div class=\"elementor-element elementor-element-fad6051 elementor-widget elementor-widget-text-editor\" data-id=\"fad6051\" data-element_type=\"widget\" data-e-type=\"widget\" data-widget_type=\"text-editor.default\">\n\t\t\t\t<div class=\"elementor-widget-container\">\n\t\t\t\t\t\t\t\t\t<p>L\u2019achat ou la vente d\u2019un objet immobilier reste un projet cons\u00e9quent, notamment en termes de temps et d\u2019\u00e9nergie.<\/p><p>Pour cette raison, nous nous mettons \u00e0 votre disposition afin de vous accompagner dans chacune de ces \u00e9ventualit\u00e9s.<\/p><p>Avec nos ann\u00e9es d\u2019exp\u00e9rience, nous avons pu d\u00e9velopper notre portefeuille client et tisser des liens privil\u00e9gi\u00e9s avec divers partenaires. Gr\u00e2ce \u00e0 nos contacts, l\u2019achat ou la vente d\u2019un objet immobilier sera g\u00e9r\u00e9 par des professionnels du domaine.<\/p><p>Fort de notre savoir-faire dans divers domaines (hypoth\u00e8ques, assurances priv\u00e9es, pr\u00e9voyance, assurances entreprises, \u2026), nous pouvons vous accompagner dans toutes vos d\u00e9marches.<\/p><p>Plus besoin de prendre contact avec\u00a0:<\/p><ol><li>Un agent immobilier<\/li><li>Un banquier<\/li><li>Un notaire<\/li><li>Une compagnie d\u2019assurances<\/li><\/ol><p><strong>KV Consulting sera votre unique contact et vous guidera dans les diff\u00e9rentes \u00e9tapes de ces longs processus.<\/strong><\/p><p>Il est tellement plus simple de n\u2019avoir qu\u2019un seul interlocuteur.<\/p><p>N\u2019h\u00e9sitez pas \u00e0 nous contacter. <br \/>\u2192 <a href=\"mailto:info@kvconsulting.ch\">info@kvconsulting.ch<\/a><br \/>\u2192 <a href=\"\u201ctel:+41274567070\u201d\">027 456 70 70<\/a><\/p>\t\t\t\t\t\t\t\t<\/div>\n\t\t\t\t<\/div>\n\t\t\t\t\t<\/div>\n\t\t<\/div>\n\t\t\t\t\t<\/div>\n\t\t<\/section>\n\t\t\t\t\t<\/div>\n\t\t<\/div>\n\t\t\t\t\t<\/div>\n\t\t<\/section>\n\t\t\t\t<section class=\"elementor-section elementor-top-section elementor-element elementor-element-18e73b3 elementor-section-boxed elementor-section-height-default elementor-section-height-default\" data-id=\"18e73b3\" data-element_type=\"section\" data-e-type=\"section\">\n\t\t\t\t\t\t<div class=\"elementor-container elementor-column-gap-default\">\n\t\t\t\t\t<div class=\"elementor-column elementor-col-100 elementor-top-column elementor-element elementor-element-77a5ce5\" data-id=\"77a5ce5\" data-element_type=\"column\" data-e-type=\"column\">\n\t\t\t<div class=\"elementor-widget-wrap elementor-element-populated\">\n\t\t\t\t\t\t<section class=\"elementor-section elementor-inner-section elementor-element elementor-element-b79a705 elementor-section-boxed elementor-section-height-default elementor-section-height-default\" data-id=\"b79a705\" data-element_type=\"section\" data-e-type=\"section\">\n\t\t\t\t\t\t<div class=\"elementor-container elementor-column-gap-default\">\n\t\t\t\t\t<div class=\"elementor-column elementor-col-100 elementor-inner-column elementor-element elementor-element-f3532e8\" data-id=\"f3532e8\" data-element_type=\"column\" data-e-type=\"column\">\n\t\t\t<div class=\"elementor-widget-wrap elementor-element-populated\">\n\t\t\t\t\t\t<div class=\"elementor-element elementor-element-2c39595 elementor-widget elementor-widget-heading\" data-id=\"2c39595\" data-element_type=\"widget\" data-e-type=\"widget\" data-widget_type=\"heading.default\">\n\t\t\t\t<div class=\"elementor-widget-container\">\n\t\t\t\t\t<h2 class=\"elementor-heading-title elementor-size-default\">Visitez <a href=\"https:\/\/kvimmobilier.ch\">KVimmobilier.ch<\/a><\/h2>\t\t\t\t<\/div>\n\t\t\t\t<\/div>\n\t\t\t\t<div class=\"elementor-element elementor-element-7cfc47f elementor-widget elementor-widget-heading\" data-id=\"7cfc47f\" data-element_type=\"widget\" data-e-type=\"widget\" data-widget_type=\"heading.default\">\n\t\t\t\t<div class=\"elementor-widget-container\">\n\t\t\t\t\t<h4 class=\"elementor-heading-title elementor-size-default\">Vous y trouverez plus d'infos ainsi que tous nos biens \u00e0 vendre!<\/h4>\t\t\t\t<\/div>\n\t\t\t\t<\/div>\n\t\t\t\t<div class=\"elementor-element elementor-element-a5b451c elementor-widget elementor-widget-text-editor\" data-id=\"a5b451c\" data-element_type=\"widget\" data-e-type=\"widget\" data-widget_type=\"text-editor.default\">\n\t\t\t\t<div class=\"elementor-widget-container\">\n\t\t\t\t\t\t\t\t\t\u00c0 tout de suite sur <a href=\"https:\/\/kvimmobilier.ch\" target=\"_blank\">https:\/\/kvimmobilier.ch<\/a>\t\t\t\t\t\t\t\t<\/div>\n\t\t\t\t<\/div>\n\t\t\t\t\t<\/div>\n\t\t<\/div>\n\t\t\t\t\t<\/div>\n\t\t<\/section>\n\t\t\t\t\t<\/div>\n\t\t<\/div>\n\t\t\t\t\t<\/div>\n\t\t<\/section>\n\t\t\t\t<\/div>\n\t\t","protected":false},"excerpt":{"rendered":"<p>Immobilier KV Consulting se lance dans l&rsquo;immobilier ! L\u2019achat ou la vente d\u2019un objet immobilier reste un projet cons\u00e9quent, notamment en termes de temps et d\u2019\u00e9nergie. Pour cette raison, nous nous mettons \u00e0 votre disposition afin de vous accompagner dans chacune de ces \u00e9ventualit\u00e9s. Avec nos ann\u00e9es d\u2019exp\u00e9rience, nous avons pu d\u00e9velopper notre portefeuille client [&hellip;]<\/p>\n","protected":false},"author":1,"featured_media":0,"parent":0,"menu_order":0,"comment_status":"closed","ping_status":"closed","template":"page-templates\/pagebuilder.php","meta":{"zakra_page_container_layout":"customizer","zakra_page_sidebar_layout":"customizer","zakra_remove_content_margin":false,"zakra_sidebar":"customizer","zakra_transparent_header":"customizer","zakra_logo":0,"zakra_main_header_style":"default","zakra_menu_item_color":"","zakra_menu_item_hover_color":"","zakra_menu_item_active_color":"","zakra_menu_active_style":"","zakra_page_header":true,"footnotes":""},"class_list":["post-618","page","type-page","status-publish","hentry"],"_links":{"self":[{"href":"https:\/\/kvconsulting.ch\/fr\/wp-json\/wp\/v2\/pages\/618","targetHints":{"allow":["GET"]}}],"collection":[{"href":"https:\/\/kvconsulting.ch\/fr\/wp-json\/wp\/v2\/pages"}],"about":[{"href":"https:\/\/kvconsulting.ch\/fr\/wp-json\/wp\/v2\/types\/page"}],"author":[{"embeddable":true,"href":"https:\/\/kvconsulting.ch\/fr\/wp-json\/wp\/v2\/users\/1"}],"replies":[{"embeddable":true,"href":"https:\/\/kvconsulting.ch\/fr\/wp-json\/wp\/v2\/comments?post=618"}],"version-history":[{"count":56,"href":"https:\/\/kvconsulting.ch\/fr\/wp-json\/wp\/v2\/pages\/618\/revisions"}],"predecessor-version":[{"id":720,"href":"https:\/\/kvconsulting.ch\/fr\/wp-json\/wp\/v2\/pages\/618\/revisions\/720"}],"wp:attachment":[{"href":"https:\/\/kvconsulting.ch\/fr\/wp-json\/wp\/v2\/media?parent=618"}],"curies":[{"name":"wp","href":"https:\/\/api.w.org\/{rel}","templated":true}]}}